{"id":108,"date":"2018-02-10T13:35:47","date_gmt":"2018-02-10T13:35:47","guid":{"rendered":"http:\/\/enikoladanyi.com\/?page_id=108"},"modified":"2026-03-17T08:22:03","modified_gmt":"2026-03-17T08:22:03","slug":"publications","status":"publish","type":"page","link":"https:\/\/enikoladanyi.com\/index.php\/publications\/","title":{"rendered":"Publications"},"content":{"rendered":"<p>Articles in peer-reviewed journals<\/p>\n<p>Nayak, S., <strong>Lad\u00e1nyi, E.<\/strong>, Eising, E., Mekki, Y., Nitin, R., Bush, C. T., &#8230; &amp; Gordon, R. L. (2025). <a href=\"https:\/\/www.nature.com\/articles\/s41467-025-60867-2.pdf\">Musical rhythm abilities and risk for developmental speech-language problems and disorders: epidemiological and polygenic associations.<\/a>\u00a0<i>Nature Communications<\/i>,\u00a0<i>16<\/i>(1), 8355.<\/p>\n<p>Scartozzi, A. C., Wang, Y., Bush, C. T., Kasdan, A. V., Fram, N. R., Woynaroski, T., &#8230; &amp; <strong>Lad\u00e1nyi, E.<\/strong> (2024). <a href=\"https:\/\/www.eneuro.org\/content\/eneuro\/11\/10\/ENEURO.0214-24.2024.full.pdf\">The Neural Correlates of Spontaneous Beat Processing and Its Relationship with Music-Related Characteristics of the Individual.<\/a>\u00a0<i>Eneuro<\/i>,\u00a0<i>11<\/i>(10).<\/p>\n<p>Fiveash, A.*, <strong>Lad\u00e1nyi, E.*,<\/strong> Camici, J., Chidiac, K., Bush, C.T, L-H Canette, Bedoin, N., Gordon, R.L., Tillmann, B. (2023). <a href=\"https:\/\/www.nature.com\/articles\/s41539-023-00170-1\">Regular rhythmic primes improve sentence repetition in children with developmental language disorder<\/a>. <em>npj Science of Learning 8<\/em>(23). https:\/\/doi.org\/10.1038\/s41539-023-00170-1<\/p>\n<p><strong>Lad\u00e1nyi, E.<\/strong>, \u2026, McAuley, J.D. &amp; Gordon, R.L. (2023). <a href=\"https:\/\/direct.mit.edu\/nol\/article\/4\/1\/1\/113250\/Using-Motor-Tempi-to-Understand-Rhythm-and\">Using Motor Tempi to Understand Rhythm and Grammatical Skills in Developmental Language Disorder and Typical Language Development<\/a>. <em>Neurobiology of Language<\/em>, <em>4<\/em>(1), 1-28.<\/p>\n<p>Nayak, S., Coleman, P., <strong>Lad\u00e1nyi, E.<\/strong>, Nitin, R., Gustavson, D.E., Fisher, S., Magne, C., &amp; Gordon, R.L. (2022). <a href=\"https:\/\/direct.mit.edu\/nol\/article\/3\/4\/615\/113183\/The-Musical-Abilities-Pleiotropy-Language-and\">The Musical Abilities, Pleiotropy, Language, and Environment (MAPLE) Framework for Understanding Music-Language Links Across the Lifespan<\/a>. <em>Neurobiology of Language, 3<\/em>(4), 615-664.<\/p>\n<p>Lense, M.D., <strong>Lad\u00e1nyi, E.<\/strong>, Rabinowitch, T.-C., Trainor, L.J., &amp; Gordon, R.L. (2021). <a href=\"https:\/\/enikoladanyi.com\/wp-content\/uploads\/2021\/10\/PhilB_RhythmNDDs_MainSupplement_0.pdf\">Rhythm and timing as vulnerabilities in neurodevelopmental disorders<\/a>. <i>Philosophical Transactions of the Royal Society B<\/i>,\u00a0<i>376<\/i>(1835), 20200327.<\/p>\n<p><strong>Lad\u00e1nyi, E.<\/strong>, Luk\u00e1cs, \u00c1., &amp; Gervain, J. (2021). <a href=\"https:\/\/enikoladanyi.com\/wp-content\/uploads\/2021\/10\/desc_rhythmic_priming.pdf\">Does rhythmic priming improve grammatical processing in Hungarian-speaking children with and without Developmental Language Disorder?<\/a> <em>Developmental Science<\/em>, e13112.<\/p>\n<p><strong>Lad\u00e1nyi, E.*<\/strong>, Persici, V*., Fiveash, A., Tillmann, B., &amp; Gordon, R.L. (2020).<a href=\"https:\/\/onlinelibrary.wiley.com\/doi\/full\/10.1002\/wcs.1528\"> Is atypical rhythm a risk factor for developmental speech and language disorders?<\/a> <i>WIREs Cognitive Science, <\/i><span class=\"vol\">11, <\/span>e1528.<\/p>\n<p><strong>Lad\u00e1nyi, E.<\/strong>, Kov\u00e1cs, \u00c1.M., &amp; Gervain, J. (2020). <a href=\"https:\/\/onlinelibrary.wiley.com\/doi\/full\/10.1111\/infa.12324\">How 15\u2010month\u2010old infants process morphologically complex forms in an agglutinative language?<\/a> <em>Infancy<\/em>, 25(2), 190-204.<\/p>\n<p><strong>Lad\u00e1nyi, E. <\/strong>&amp; Luk\u00e1cs, \u00c1. (2019). <a href=\"http:\/\/enikoladanyi.com\/wp-content\/uploads\/2020\/03\/JSL6204_Ladanyi.pdf\">Word Retrieval Difficulties and Cognitive Control in Specific Language Impairment<\/a>. <em>Journal of Speech Language and Hearing Research<\/em>, 62(4), 918-931.<\/p>\n<p><strong>Lad\u00e1nyi E.<\/strong>, Kas B., &amp; Luk\u00e1cs \u00c1. (2017). <a href=\"http:\/\/enikoladanyi.com\/wp-content\/uploads\/2018\/02\/Ladanyietal_2017_cognitive_control_in_anaphor_resolution_in_children_with_SLI.pdf\" target=\"_blank\" rel=\"noopener noreferrer\">The role of cognitive control in anaphor resolution in children with specific language impairment<\/a>. <em>Applied Psycholinguistics<\/em>, <em>38<\/em>(5), 1173-1199.<\/p>\n<p><strong>Lad\u00e1nyi E.<\/strong>, &amp; Luk\u00e1cs \u00c1. (2016). <a href=\"http:\/\/enikoladanyi.com\/wp-content\/uploads\/2018\/02\/Ladanyi_Lukacs_2016_Lexical-Conflict-Resolution_SLI.pdf\" target=\"_blank\" rel=\"noopener noreferrer\">Lexical Conflict Resolution in Children with Specific Language Impairment<\/a>. <em>Journal of Communication Disorders<\/em>, <em>61<\/em>, 119-130.<\/p>\n<p>Luk\u00e1cs \u00c1., <strong>Lad\u00e1nyi E.<\/strong>, Fazekas K., &amp; Kem\u00e9ny F. (2016). <a href=\"http:\/\/enikoladanyi.com\/wp-content\/uploads\/2018\/02\/Lukacsetal_2015_EF_SLI_Neuropsychology.pdf\" target=\"_blank\" rel=\"noopener noreferrer\">Executive Functions and the Contribution of Short-Term Memory Span in Children With Specific Language Impairment.<\/a> <em>Neuropsychology<\/em>, <em>30<\/em>(3), 296\u2014303.<\/p>\n<p>* shared first authorship<\/p>\n<p>(see further publications in my <a href=\"https:\/\/enikoladanyi.com\/wp-content\/uploads\/2026\/03\/CV_ELadanyi_2026March.pdf\">CV<\/a>)<\/p>\n","protected":false},"excerpt":{"rendered":"<p>Articles in peer-reviewed journals Nayak, S., Lad\u00e1nyi, E., Eising, E., Mekki, Y., Nitin, R., Bush, C. T., &#8230; &amp; Gordon,&hellip; <a class=\"read-more\" href=\"https:\/\/enikoladanyi.com\/index.php\/publications\/\">Read more <span class=\"screen-reader-text\">Publications<\/span><\/a><\/p>\n","protected":false},"author":1,"featured_media":0,"parent":0,"menu_order":0,"comment_status":"closed","ping_status":"closed","template":"","meta":[],"_links":{"self":[{"href":"https:\/\/enikoladanyi.com\/index.php\/wp-json\/wp\/v2\/pages\/108"}],"collection":[{"href":"https:\/\/enikoladanyi.com\/index.php\/wp-json\/wp\/v2\/pages"}],"about":[{"href":"https:\/\/enikoladanyi.com\/index.php\/wp-json\/wp\/v2\/types\/page"}],"author":[{"embeddable":true,"href":"https:\/\/enikoladanyi.com\/index.php\/wp-json\/wp\/v2\/users\/1"}],"replies":[{"embeddable":true,"href":"https:\/\/enikoladanyi.com\/index.php\/wp-json\/wp\/v2\/comments?post=108"}],"version-history":[{"count":28,"href":"https:\/\/enikoladanyi.com\/index.php\/wp-json\/wp\/v2\/pages\/108\/revisions"}],"predecessor-version":[{"id":379,"href":"https:\/\/enikoladanyi.com\/index.php\/wp-json\/wp\/v2\/pages\/108\/revisions\/379"}],"wp:attachment":[{"href":"https:\/\/enikoladanyi.com\/index.php\/wp-json\/wp\/v2\/media?parent=108"}],"curies":[{"name":"wp","href":"https:\/\/api.w.org\/{rel}","templated":true}]}}